{"id":3424,"date":"2025-02-05T07:50:44","date_gmt":"2025-02-05T06:50:44","guid":{"rendered":"https:\/\/l2d.ch\/?post_type=product&#038;p=3424"},"modified":"2025-02-05T07:55:27","modified_gmt":"2025-02-05T06:55:27","slug":"cours-de-premiers-secours-n-0218-les-12-et-13-avril-16h30-2025-cornavin-copy-copy","status":"publish","type":"product","link":"http:\/\/old.l2d.ch\/fr\/produit\/cours-de-premiers-secours-n-0218-les-12-et-13-avril-16h30-2025-cornavin-copy-copy\/","title":{"rendered":"Cours de premiers secours n\u00b0 0218 les 12 et 13 avril 16h30 2025 &#8211; CORNAVIN &#x1f1ec;&#x1f1e7; (Copy) (Copy)"},"content":{"rendered":"<p>Le cours de premiers secours est un cours de 10 heures con\u00e7u pour vous enseigner les points cl\u00e9s sur la fa\u00e7on de r\u00e9agir en cas d&#8217;accident.<\/p>\n<p>Pendant 10 heures, vous apprendrez non seulement beaucoup sur le sauvetage des personnes sur la route, mais vous pratiquerez \u00e9galement des massages cardiaques dans des situations d&#8217;accident r\u00e9alistes.<\/p>\n<p>Le cours est divis\u00e9 en 3 parties sur 2 jours :<\/p>\n<p>Premi\u00e8re partie : Samedi de 16h30 \u00e0 19h30<\/p>\n<p>Deuxi\u00e8me partie : Dimanche de 9h00 \u00e0 12h00<\/p>\n<p>Troisi\u00e8me partie Dimanche de 13h00 \u00e0 17h00<\/p>\n","protected":false},"excerpt":{"rendered":"<p>Le cours de premiers secours est une formation de 10 heures destin\u00e9e \u00e0 vous enseigner les points cl\u00e9s de la r\u00e9action \u00e0 adopter en cas d&#8217;accident.<\/p>\n<p>Pendant 10 heures, vous apprendrez non seulement \u00e0 secourir des personnes sur la route, mais vous pratiquerez \u00e9galement des massages cardiaques dans des situations d&#8217;accident r\u00e9alistes.<\/p>\n","protected":false},"featured_media":2177,"comment_status":"open","ping_status":"closed","template":"","meta":[],"product_cat":[50],"product_tag":[],"class_list":{"0":"post-3424","1":"product","2":"type-product","3":"status-publish","4":"has-post-thumbnail","6":"product_cat-cours-de-premiers-secours-le-week-end-a-geneve","7":"sales-flash-overlay","8":"woocommerce-text-align-center","9":"woocommerce-image-align-center","10":"do-quantity-buttons","12":"first","13":"instock","14":"virtual","15":"sold-individually","16":"taxable","17":"purchasable","18":"product-type-booking"},"_links":{"self":[{"href":"http:\/\/old.l2d.ch\/fr\/wp-json\/wp\/v2\/product\/3424","targetHints":{"allow":["GET"]}}],"collection":[{"href":"http:\/\/old.l2d.ch\/fr\/wp-json\/wp\/v2\/product"}],"about":[{"href":"http:\/\/old.l2d.ch\/fr\/wp-json\/wp\/v2\/types\/product"}],"replies":[{"embeddable":true,"href":"http:\/\/old.l2d.ch\/fr\/wp-json\/wp\/v2\/comments?post=3424"}],"wp:featuredmedia":[{"embeddable":true,"href":"http:\/\/old.l2d.ch\/fr\/wp-json\/wp\/v2\/media\/2177"}],"wp:attachment":[{"href":"http:\/\/old.l2d.ch\/fr\/wp-json\/wp\/v2\/media?parent=3424"}],"wp:term":[{"taxonomy":"product_cat","embeddable":true,"href":"http:\/\/old.l2d.ch\/fr\/wp-json\/wp\/v2\/product_cat?post=3424"},{"taxonomy":"product_tag","embeddable":true,"href":"http:\/\/old.l2d.ch\/fr\/wp-json\/wp\/v2\/product_tag?post=3424"}],"curies":[{"name":"wp","href":"https:\/\/api.w.org\/{rel}","templated":true}]}}