{"id":2585,"date":"2024-09-12T21:04:19","date_gmt":"2024-09-12T20:04:19","guid":{"rendered":"https:\/\/l2d.ch\/?post_type=product&#038;p=2585"},"modified":"2024-10-11T10:12:40","modified_gmt":"2024-10-11T09:12:40","slug":"cours-de-sensibilisation-no-0111-du-22-23-novembre-2024-17h30-copy-copy","status":"publish","type":"product","link":"http:\/\/old.l2d.ch\/fr\/produit\/cours-de-sensibilisation-no-0111-du-22-23-novembre-2024-17h30-copy-copy\/","title":{"rendered":"VERSOIX Cours de sensibilisation no. 0114 du 8 &amp; 9 novembre 2024 17h30"},"content":{"rendered":"<p>Le cours de sensibilisation est obligatoire et doit \u00eatre suivi avant les cours de conduite.<br \/>\nCe cours vous donnera des conseils sur les techniques de conduite, la m\u00e9canique, les sanctions l\u00e9gales et les capacit\u00e9s de conduite.<br \/>\nCe cours vous donnera \u00e9galement de nombreux conseils concernant l&#8217;examen pratique.<\/p>\n","protected":false},"excerpt":{"rendered":"<p>Le cours de sensibilisation dure 8 heures et est divis\u00e9 en deux parties qui doivent \u00eatre suivies, selon la loi, \u00e0 deux jours diff\u00e9rents.<\/p>\n<p>Premi\u00e8re partie : Vendredi de 17h30 \u00e0 21h30<\/p>\n<p>Deuxi\u00e8me partie : Samedi de 8h30 \u00e0 12h30<\/p>\n","protected":false},"featured_media":2178,"comment_status":"open","ping_status":"closed","template":"","meta":[],"product_cat":[52],"product_tag":[],"class_list":{"0":"post-2585","1":"product","2":"type-product","3":"status-publish","4":"has-post-thumbnail","6":"product_cat-cours-de-sensibilisation-les-week-ends-a-geneve","7":"sales-flash-overlay","8":"woocommerce-text-align-center","9":"woocommerce-image-align-center","10":"do-quantity-buttons","12":"first","13":"instock","14":"virtual","15":"sold-individually","16":"taxable","17":"purchasable","18":"product-type-booking"},"_links":{"self":[{"href":"http:\/\/old.l2d.ch\/fr\/wp-json\/wp\/v2\/product\/2585","targetHints":{"allow":["GET"]}}],"collection":[{"href":"http:\/\/old.l2d.ch\/fr\/wp-json\/wp\/v2\/product"}],"about":[{"href":"http:\/\/old.l2d.ch\/fr\/wp-json\/wp\/v2\/types\/product"}],"replies":[{"embeddable":true,"href":"http:\/\/old.l2d.ch\/fr\/wp-json\/wp\/v2\/comments?post=2585"}],"wp:featuredmedia":[{"embeddable":true,"href":"http:\/\/old.l2d.ch\/fr\/wp-json\/wp\/v2\/media\/2178"}],"wp:attachment":[{"href":"http:\/\/old.l2d.ch\/fr\/wp-json\/wp\/v2\/media?parent=2585"}],"wp:term":[{"taxonomy":"product_cat","embeddable":true,"href":"http:\/\/old.l2d.ch\/fr\/wp-json\/wp\/v2\/product_cat?post=2585"},{"taxonomy":"product_tag","embeddable":true,"href":"http:\/\/old.l2d.ch\/fr\/wp-json\/wp\/v2\/product_tag?post=2585"}],"curies":[{"name":"wp","href":"https:\/\/api.w.org\/{rel}","templated":true}]}}